{"id":28077,"date":"2021-05-12T16:00:54","date_gmt":"2021-05-12T14:00:54","guid":{"rendered":"https:\/\/www.metropolis.dk\/forside-metropolis\/"},"modified":"2026-04-28T13:52:22","modified_gmt":"2026-04-28T11:52:22","slug":"forside-metropolis","status":"publish","type":"page","link":"https:\/\/www.metropolis.dk\/en\/","title":{"rendered":"Forside Metropolis"},"content":{"rendered":"<p>[vc_row row_type=&#8221;row&#8221; use_row_as_full_screen_section=&#8221;no&#8221; type=&#8221;full_width&#8221; text_align=&#8221;left&#8221; background_animation=&#8221;none&#8221; css_animation=&#8221;&#8221; css=&#8221;.vc_custom_1621187774202{margin-top: 50px !important;}&#8221;][vc_column][vc_column_text]<\/p>\n<h1><strong>Metropolis Copenhagen<\/strong><\/h1>\n<p>[\/vc_column_text][\/vc_column][vc_column][\/vc_column][\/vc_row][vc_row row_type=&#8221;row&#8221; use_row_as_full_screen_section=&#8221;no&#8221; type=&#8221;full_width&#8221; text_align=&#8221;left&#8221; background_animation=&#8221;none&#8221; css_animation=&#8221;&#8221; el_class=&#8221;categories&#8221;][vc_column width=&#8221;1\/3&#8243;]<div class=\"image_with_text\"><img decoding=\"async\" src=\"https:\/\/www.metropolis.dk\/wp-content\/uploads\/2026\/03\/4_MarineGastineau.jpg\" alt=\"Tora Balslev Performing Landscapes\" \/><h5 >Performing Landscapes Copenhagen 2026<\/h5><span style=\"margin: 6px 0px;\" class=\"separator transparent\"><\/span><\/p>\n<h6><a href=\"https:\/\/www.metropolis.dk\/en\/performing-landscapes-copenhagen-2026\/\">8-10 &amp; 15-17 May 2026<\/a><br \/>\nRefshale\u00f8en<\/h6>\n<p><\/div>[\/vc_column][vc_column width=&#8221;1\/3&#8243;]<div class=\"image_with_text\"><img decoding=\"async\" src=\"https:\/\/www.metropolis.dk\/wp-content\/uploads\/2026\/04\/DSC09705.jpg\" alt=\"antoinette helbing\" \/><h5 >ON\/CRYING by Antoinette Helbing<\/h5><span style=\"margin: 6px 0px;\" class=\"separator transparent\"><\/span><\/p>\n<h6><a href=\"https:\/\/www.metropolis.dk\/en\/on-crying-antoinette-helbing-2026\/\">17-23 May 2026<\/a><br \/>\nBr\u00f8nsh\u00f8j Vandt\u00e5rn<\/h6>\n<p><\/div>[\/vc_column][vc_column width=&#8221;1\/3&#8243;]<div class=\"image_with_text\"><img decoding=\"async\" src=\"https:\/\/www.metropolis.dk\/wp-content\/uploads\/2025\/08\/MAG_9864.jpg\" alt=\"\" \/><h5 >Coming soon...<\/h5><span style=\"margin: 6px 0px;\" class=\"separator transparent\"><\/span><\/p>\n<h6><a href=\"https:\/\/www.metropolis.dk\/en\/category\/metropolis-scene-2025-en\/\">Programme summer 2026 coming soon &#8211; meanwhile, revisit Metropolis 2025<\/a><\/h6>\n<p><\/div>[\/vc_column][\/vc_row][vc_row row_type=&#8221;row&#8221; use_row_as_full_screen_section=&#8221;no&#8221; type=&#8221;full_width&#8221; text_align=&#8221;left&#8221; background_animation=&#8221;none&#8221; css_animation=&#8221;&#8221; el_class=&#8221;categories&#8221;][vc_column width=&#8221;1\/3&#8243;][\/vc_column][vc_column width=&#8221;1\/3&#8243;]<div class=\"image_with_text\"><img decoding=\"async\" src=\"https:\/\/www.metropolis.dk\/wp-content\/uploads\/2025\/11\/web-forside-IMG_1881.jpg\" alt=\"\" \/><h5 >PERFORMNORD 2027<\/h5><span style=\"margin: 6px 0px;\" class=\"separator transparent\"><\/span><\/p>\n<h6><a href=\"https:\/\/www.metropolis.dk\/en\/performnord-2027\/\">Metropolis is chosen as the organiser of a Nordic performance art showcase<\/a><\/h6>\n<p><\/div>[\/vc_column][vc_column width=&#8221;1\/3&#8243;][\/vc_column][\/vc_row][vc_row row_type=&#8221;row&#8221; use_row_as_full_screen_section=&#8221;no&#8221; type=&#8221;full_width&#8221; text_align=&#8221;left&#8221; background_animation=&#8221;none&#8221; css_animation=&#8221;&#8221; css=&#8221;.vc_custom_1621187774202{margin-top: 50px !important;}&#8221;][vc_column][vc_column_text el_id=&#8221;udvalgte_h1&#8243;]<\/p>\n<h1>Udvalgte blogindl\u00e6g<\/h1>\n<p>[\/vc_column_text][\/vc_column][\/vc_row][vc_row row_type=&#8221;row&#8221; use_row_as_full_screen_section=&#8221;no&#8221; type=&#8221;full_width&#8221; text_align=&#8221;left&#8221; background_animation=&#8221;none&#8221; css_animation=&#8221;&#8221;][vc_column][vc_raw_js]JTNDc2NyaXB0JTNFJTIwJTBBd2luZG93LmFkZEV2ZW50TGlzdGVuZXIlMjglMjdET01Db250ZW50TG9hZGVkJTI3JTJDJTIwJTI4ZXZlbnQlMjklMjAlM0QlM0UlMjAlN0IlMEElMjAlMjAlMjAlMjBjb25zb2xlLmxvZyUyOCUyN0RPTSUyMGZ1bGx5JTIwbG9hZGVkJTIwYW5kJTIwcGFyc2VkJTI3JTI5JTNCJTBBJTBBJTIwJTIwJTIwJTIwJTIwJTIwJTI4ZnVuY3Rpb24lMjglMjAlMjQlMjAlMjklMjAlN0IlMEElMjAlMjAlMEElMEElMEElMjAlMjAlMjAlMjAlMjAlMjAlMjAlMjAlMjQlMjglMjIuaW1hZ2Vfd2l0aF90ZXh0JTIyJTI5LmVhY2glMjhmdW5jdGlvbiUyOCUyOSU3QiUwQSUyMCUyMCUyMCUyMCUwQSUyMCUyMCUyMCUyMCUyMCUyMCUyMCUyMCUyMCUyMCUyMCUyMCUyMCUyMCUyMHZhciUyMGxpbmslMjAlM0QlMjAlMjAlMjQlMjh0aGlzJTI5LmZpbmQlMjglMjJhJTIyJTI5LmF0dHIlMjglMjdocmVmJTI3JTI5JTNCJTBBJTIwJTIwJTIwJTIwJTIwJTIwJTIwJTIwJTIwJTIwJTIwJTIwJTIwJTIwJTIwJTI0JTI4dGhpcyUyOS5jbGljayUyOGZ1bmN0aW9uJTI4JTI5JTdCJTBBJTIwJTIwJTIwJTIwJTIwJTIwJTIwJTIwJTIwJTIwJTIwJTIwJTIwJTIwJTIwJTIwJTIwJTIwZG9jdW1lbnQubG9jYXRpb24lMjAlM0QlMjBsaW5rJTNCJTIwJTBBJTIwJTIwJTIwJTIwJTIwJTIwJTIwJTIwJTIwJTIwJTIwJTIwJTIwJTIwJTIwJTdEJTI5JTNCJTBBJTIwJTIwJTIwJTIwJTIwJTIwJTIwJTIwJTIwJTIwJTIwJTIwJTIwJTIwJTIwJTBBJTIwJTIwJTIwJTIwJTIwJTIwJTIwJTIwJTIwJTIwJTIwJTIwJTdEJTI5JTNCJTBBJTBBJTBBJTBBJTBBJTIwJTIwJTIwJTIwJTIwJTIwJTIwJTIwJTI0JTI4JTIyLnFvZGVmLXBvc3QtY29udGVudCUyMiUyOS5lYWNoJTI4ZnVuY3Rpb24lMjglMjklN0IlMEElMjAlMjAlMjAlMjAlMEElMjAlMjAlMjAlMjAlMjAlMjAlMjAlMjAlMjAlMjAlMjAlMjAlMjAlMjAlMjB2YXIlMjBsaW5rJTIwJTNEJTIwJTIwJTI0JTI4dGhpcyUyOS5maW5kJTI4JTIyYSUyMiUyOS5hdHRyJTI4JTI3aHJlZiUyNyUyOSUzQiUwQSUyMCUyMCUyMCUyMCUyMCUyMCUyMCUyMCUyMCUyMCUyMCUyMCUyMCUyMCUyMCUyNCUyOHRoaXMlMjkuY2xpY2slMjhmdW5jdGlvbiUyOCUyOSU3QiUwQSUyMCUyMCUyMCUyMCUyMCUyMCUyMCUyMCUyMCUyMCUyMCUyMCUyMCUyMCUyMCUyMCUyMCUyMGRvY3VtZW50LmxvY2F0aW9uJTIwJTNEJTIwbGluayUzQiUyMCUwQSUyMCUyMCUyMCUyMCUyMCUyMCUyMCUyMCUyMCUyMCUyMCUyMCUyMCUyMCUyMCU3RCUyOSUzQiUwQSUyMCUyMCUyMCUyMCUyMCUyMCUyMCUyMCUyMCUyMCUyMCUyMCUyMCUyMCUyMCUwQSUyMCUyMCUyMCUyMCUyMCUyMCUyMCUyMCUyMCUyMCUyMCUyMCU3RCUyOSUzQiUwQSUwQSUwQSUwQSUwQSUwQSUyMCUyMCUyMCUyMCUyMCUyMCUyMCUyMCU3RCUyOSUyOCUyMGpRdWVyeSUyMCUyOSUzQiUwQSUwQSU3RCUyOSUzQiUwQSUzQyUyRnNjcmlwdCUzRQ==[\/vc_raw_js][\/vc_column][\/vc_row]<\/p>\n","protected":false},"excerpt":{"rendered":"<p>[vc_row row_type=&#8221;row&#8221; use_row_as_full_screen_section=&#8221;no&#8221; type=&#8221;full_width&#8221; text_align=&#8221;left&#8221; background_animation=&#8221;none&#8221; css_animation=&#8221;&#8221; css=&#8221;.vc_custom_1621187774202{margin-top: 50px !important;}&#8221;][vc_column][vc_column_text] Metropolis Copenhagen [\/vc_column_text][\/vc_column][vc_column][\/vc_column][\/vc_row][vc_row row_type=&#8221;row&#8221; use_row_as_full_screen_section=&#8221;no&#8221; type=&#8221;full_width&#8221; text_align=&#8221;left&#8221; background_animation=&#8221;none&#8221; css_animation=&#8221;&#8221; el_class=&#8221;categories&#8221;][vc_column width=&#8221;1\/3&#8243;][\/vc_column][vc_column width=&#8221;1\/3&#8243;][\/vc_column][vc_column width=&#8221;1\/3&#8243;][\/vc_column][\/vc_row][vc_row row_type=&#8221;row&#8221; use_row_as_full_screen_section=&#8221;no&#8221;&#8230;<\/p>\n","protected":false},"author":5,"featured_media":24940,"parent":0,"menu_order":0,"comment_status":"closed","ping_status":"closed","template":"blog-chequered.php","meta":{"om_disable_all_campaigns":false,"_monsterinsights_skip_tracking":false,"_monsterinsights_sitenote_active":false,"_monsterinsights_sitenote_note":"","_monsterinsights_sitenote_category":0,"_uf_show_specific_survey":0,"_uf_disable_surveys":false,"footnotes":""},"class_list":["post-28077","page","type-page","status-publish","has-post-thumbnail","hentry"],"acf":[],"yoast_head":"<!-- This site is optimized with the Yoast SEO plugin v27.5 - https:\/\/yoast.com\/product\/yoast-seo-wordpress\/ -->\n<title>Forside Metropolis - Metropolis<\/title>\n<meta name=\"description\" content=\"Metropolis Copenhagen Udvalgte blogindl\u00e6g\" \/>\n<meta name=\"robots\" content=\"index, follow, max-snippet:-1, max-image-preview:large, max-video-preview:-1\" \/>\n<link rel=\"canonical\" href=\"https:\/\/www.metropolis.dk\/en\/\" \/>\n<meta property=\"og:locale\" content=\"en_US\" \/>\n<meta property=\"og:type\" content=\"article\" \/>\n<meta property=\"og:title\" content=\"Forside Metropolis - Metropolis\" \/>\n<meta property=\"og:description\" content=\"Metropolis Copenhagen Udvalgte blogindl\u00e6g\" \/>\n<meta property=\"og:url\" content=\"https:\/\/www.metropolis.dk\/en\/\" \/>\n<meta property=\"og:site_name\" content=\"Metropolis\" \/>\n<meta property=\"article:modified_time\" content=\"2026-04-28T11:52:22+00:00\" \/>\n<meta property=\"og:image\" content=\"https:\/\/www.metropolis.dk\/wp-content\/uploads\/2022\/10\/web-DenPlanetariskeGraedemur_0280.jpg\" \/>\n\t<meta property=\"og:image:width\" content=\"1024\" \/>\n\t<meta property=\"og:image:height\" content=\"683\" \/>\n\t<meta property=\"og:image:type\" content=\"image\/jpeg\" \/>\n<meta name=\"twitter:card\" content=\"summary_large_image\" \/>\n<meta name=\"twitter:label1\" content=\"Est. reading time\" \/>\n\t<meta name=\"twitter:data1\" content=\"1 minute\" \/>\n<script type=\"application\/ld+json\" class=\"yoast-schema-graph\">{\"@context\":\"https:\\\/\\\/schema.org\",\"@graph\":[{\"@type\":\"WebPage\",\"@id\":\"https:\\\/\\\/www.metropolis.dk\\\/en\\\/\",\"url\":\"https:\\\/\\\/www.metropolis.dk\\\/en\\\/\",\"name\":\"Forside Metropolis - Metropolis\",\"isPartOf\":{\"@id\":\"https:\\\/\\\/www.metropolis.dk\\\/en\\\/#website\"},\"primaryImageOfPage\":{\"@id\":\"https:\\\/\\\/www.metropolis.dk\\\/en\\\/#primaryimage\"},\"image\":{\"@id\":\"https:\\\/\\\/www.metropolis.dk\\\/en\\\/#primaryimage\"},\"thumbnailUrl\":\"https:\\\/\\\/www.metropolis.dk\\\/wp-content\\\/uploads\\\/2022\\\/10\\\/web-DenPlanetariskeGraedemur_0280.jpg\",\"datePublished\":\"2021-05-12T14:00:54+00:00\",\"dateModified\":\"2026-04-28T11:52:22+00:00\",\"description\":\"Metropolis Copenhagen Udvalgte blogindl\u00e6g\",\"breadcrumb\":{\"@id\":\"https:\\\/\\\/www.metropolis.dk\\\/en\\\/#breadcrumb\"},\"inLanguage\":\"en-US\",\"potentialAction\":[{\"@type\":\"ReadAction\",\"target\":[\"https:\\\/\\\/www.metropolis.dk\\\/en\\\/\"]}]},{\"@type\":\"ImageObject\",\"inLanguage\":\"en-US\",\"@id\":\"https:\\\/\\\/www.metropolis.dk\\\/en\\\/#primaryimage\",\"url\":\"https:\\\/\\\/www.metropolis.dk\\\/wp-content\\\/uploads\\\/2022\\\/10\\\/web-DenPlanetariskeGraedemur_0280.jpg\",\"contentUrl\":\"https:\\\/\\\/www.metropolis.dk\\\/wp-content\\\/uploads\\\/2022\\\/10\\\/web-DenPlanetariskeGraedemur_0280.jpg\",\"width\":1024,\"height\":683,\"caption\":\"Miss World - Den planetariske gr\u00e6demur - 2022 Metropolis - K\u00f8benhavns Internationale Teater\"},{\"@type\":\"BreadcrumbList\",\"@id\":\"https:\\\/\\\/www.metropolis.dk\\\/en\\\/#breadcrumb\",\"itemListElement\":[{\"@type\":\"ListItem\",\"position\":1,\"name\":\"Hjem\",\"item\":\"https:\\\/\\\/www.metropolis.dk\\\/en\\\/\"},{\"@type\":\"ListItem\",\"position\":2,\"name\":\"Forside Metropolis\"}]},{\"@type\":\"WebSite\",\"@id\":\"https:\\\/\\\/www.metropolis.dk\\\/en\\\/#website\",\"url\":\"https:\\\/\\\/www.metropolis.dk\\\/en\\\/\",\"name\":\"Metropolis\",\"description\":\"performance og kunst i byens rum\",\"potentialAction\":[{\"@type\":\"SearchAction\",\"target\":{\"@type\":\"EntryPoint\",\"urlTemplate\":\"https:\\\/\\\/www.metropolis.dk\\\/en\\\/?s={search_term_string}\"},\"query-input\":{\"@type\":\"PropertyValueSpecification\",\"valueRequired\":true,\"valueName\":\"search_term_string\"}}],\"inLanguage\":\"en-US\"}]}<\/script>\n<!-- \/ Yoast SEO plugin. -->","yoast_head_json":{"title":"Forside Metropolis - Metropolis","description":"Metropolis Copenhagen Udvalgte blogindl\u00e6g","robots":{"index":"index","follow":"follow","max-snippet":"max-snippet:-1","max-image-preview":"max-image-preview:large","max-video-preview":"max-video-preview:-1"},"canonical":"https:\/\/www.metropolis.dk\/en\/","og_locale":"en_US","og_type":"article","og_title":"Forside Metropolis - Metropolis","og_description":"Metropolis Copenhagen Udvalgte blogindl\u00e6g","og_url":"https:\/\/www.metropolis.dk\/en\/","og_site_name":"Metropolis","article_modified_time":"2026-04-28T11:52:22+00:00","og_image":[{"width":1024,"height":683,"url":"https:\/\/www.metropolis.dk\/wp-content\/uploads\/2022\/10\/web-DenPlanetariskeGraedemur_0280.jpg","type":"image\/jpeg"}],"twitter_card":"summary_large_image","twitter_misc":{"Est. reading time":"1 minute"},"schema":{"@context":"https:\/\/schema.org","@graph":[{"@type":"WebPage","@id":"https:\/\/www.metropolis.dk\/en\/","url":"https:\/\/www.metropolis.dk\/en\/","name":"Forside Metropolis - Metropolis","isPartOf":{"@id":"https:\/\/www.metropolis.dk\/en\/#website"},"primaryImageOfPage":{"@id":"https:\/\/www.metropolis.dk\/en\/#primaryimage"},"image":{"@id":"https:\/\/www.metropolis.dk\/en\/#primaryimage"},"thumbnailUrl":"https:\/\/www.metropolis.dk\/wp-content\/uploads\/2022\/10\/web-DenPlanetariskeGraedemur_0280.jpg","datePublished":"2021-05-12T14:00:54+00:00","dateModified":"2026-04-28T11:52:22+00:00","description":"Metropolis Copenhagen Udvalgte blogindl\u00e6g","breadcrumb":{"@id":"https:\/\/www.metropolis.dk\/en\/#breadcrumb"},"inLanguage":"en-US","potentialAction":[{"@type":"ReadAction","target":["https:\/\/www.metropolis.dk\/en\/"]}]},{"@type":"ImageObject","inLanguage":"en-US","@id":"https:\/\/www.metropolis.dk\/en\/#primaryimage","url":"https:\/\/www.metropolis.dk\/wp-content\/uploads\/2022\/10\/web-DenPlanetariskeGraedemur_0280.jpg","contentUrl":"https:\/\/www.metropolis.dk\/wp-content\/uploads\/2022\/10\/web-DenPlanetariskeGraedemur_0280.jpg","width":1024,"height":683,"caption":"Miss World - Den planetariske gr\u00e6demur - 2022 Metropolis - K\u00f8benhavns Internationale Teater"},{"@type":"BreadcrumbList","@id":"https:\/\/www.metropolis.dk\/en\/#breadcrumb","itemListElement":[{"@type":"ListItem","position":1,"name":"Hjem","item":"https:\/\/www.metropolis.dk\/en\/"},{"@type":"ListItem","position":2,"name":"Forside Metropolis"}]},{"@type":"WebSite","@id":"https:\/\/www.metropolis.dk\/en\/#website","url":"https:\/\/www.metropolis.dk\/en\/","name":"Metropolis","description":"performance og kunst i byens rum","potentialAction":[{"@type":"SearchAction","target":{"@type":"EntryPoint","urlTemplate":"https:\/\/www.metropolis.dk\/en\/?s={search_term_string}"},"query-input":{"@type":"PropertyValueSpecification","valueRequired":true,"valueName":"search_term_string"}}],"inLanguage":"en-US"}]}},"_links":{"self":[{"href":"https:\/\/www.metropolis.dk\/en\/wp-json\/wp\/v2\/pages\/28077","targetHints":{"allow":["GET"]}}],"collection":[{"href":"https:\/\/www.metropolis.dk\/en\/wp-json\/wp\/v2\/pages"}],"about":[{"href":"https:\/\/www.metropolis.dk\/en\/wp-json\/wp\/v2\/types\/page"}],"author":[{"embeddable":true,"href":"https:\/\/www.metropolis.dk\/en\/wp-json\/wp\/v2\/users\/5"}],"replies":[{"embeddable":true,"href":"https:\/\/www.metropolis.dk\/en\/wp-json\/wp\/v2\/comments?post=28077"}],"version-history":[{"count":80,"href":"https:\/\/www.metropolis.dk\/en\/wp-json\/wp\/v2\/pages\/28077\/revisions"}],"predecessor-version":[{"id":32175,"href":"https:\/\/www.metropolis.dk\/en\/wp-json\/wp\/v2\/pages\/28077\/revisions\/32175"}],"wp:featuredmedia":[{"embeddable":true,"href":"https:\/\/www.metropolis.dk\/en\/wp-json\/wp\/v2\/media\/24940"}],"wp:attachment":[{"href":"https:\/\/www.metropolis.dk\/en\/wp-json\/wp\/v2\/media?parent=28077"}],"curies":[{"name":"wp","href":"https:\/\/api.w.org\/{rel}","templated":true}]}}